{"id":88780,"date":"2021-03-19T10:20:29","date_gmt":"2021-03-19T09:20:29","guid":{"rendered":"https:\/\/undsgn.com\/uncode\/?page_id=88780"},"modified":"2022-06-09T14:18:27","modified_gmt":"2022-06-09T14:18:27","slug":"contact-wide","status":"publish","type":"page","link":"https:\/\/personalagentur-oezdemir.de\/tr\/pages\/contact-wide\/","title":{"rendered":"\u0130leti\u015fim"},"content":{"rendered":"<div data-parent=\"true\" class=\"vc_row style-color-xsdn-bg row-container\" id=\"row-unique-0\"><div class=\"row quad-top-padding quad-bottom-padding single-h-padding limit-width row-parent\" data-height-ratio=\"50\"><div class=\"wpb_row row-inner\"><div class=\"wpb_column pos-middle pos-center align_center column_parent col-lg-12 single-internal-gutter\"><div class=\"uncol style-dark\"  ><div class=\"uncoltable\"><div class=\"uncell no-block-padding\" ><div class=\"uncont\"><div class=\"vc_custom_heading_wrap\"><div class=\"heading-text el-text curtain-words animate_inner_when_almost_visible el-text-split\" data-delay=\"200\" data-speed=\"600\"><h3 class=\"h1 text-color-wayh-color font-obs\" data-style=\"normal\" data-weight=\"600\" data-font=\"Inter\"><span class=\"heading-text-inner\"><span class=\"split-word word1\"><span class=\"split-word-flow\"><span class=\"split-word-inner\">Bize<\/span><\/span><\/span><span class=\"split-word word2\"><span class=\"split-word-flow\"><span class=\"split-word-inner split-empty-inner\"><span class=\"split-word-empty\">&nbsp;<\/span>Ula\u015f\u0131n<\/span><\/span><\/span><span class=\"split-word word3\"><span class=\"split-word-flow\"><span class=\"split-word-inner split-empty-inner\"><span class=\"split-word-empty\">&nbsp;<\/span>.<\/span><\/span><\/span><\/span><\/h3><\/div><div class=\"clear\"><\/div><\/div><\/div><\/div><\/div><\/div><\/div><script id=\"script-row-unique-0\" data-row=\"script-row-unique-0\" type=\"text\/javascript\" class=\"vc_controls\">UNCODE.initRow(document.getElementById(\"row-unique-0\"));<\/script><\/div><\/div><\/div><div data-parent=\"true\" class=\"vc_row row-container\" id=\"row-unique-1\"><div class=\"row unequal col-no-gutter no-top-padding no-bottom-padding no-h-padding full-width row-parent\"><div class=\"wpb_row row-inner\"><div class=\"wpb_column pos-top pos-center align_left column_parent col-lg-6 col-md-50 double-internal-gutter\"><div class=\"uncol style-light\"  ><div class=\"uncoltable\"><div class=\"uncell quad-block-padding style-color-lxmt-bg\" ><div class=\"uncont\"><div class=\"vc_custom_heading_wrap\"><div class=\"heading-text el-text\" ><h2 class=\"font-175345 fontsize-155944 font-weight-400\" ><span>Sizinle ileti\u015fime ge\u00e7mek i\u00e7in sab\u0131rs\u0131zlan\u0131yoruz.<\/span><\/h2><\/div><div class=\"clear\"><\/div><\/div><div class=\"vc_row row-internal row-container\"><div class=\"row col-double-gutter row-child\"><div class=\"wpb_row row-inner\"><div class=\"wpb_column pos-top pos-center align_left column_child col-lg-6 single-internal-gutter\"><div class=\"uncol style-light\" ><div class=\"uncoltable\"><div class=\"uncell no-block-padding\" ><div class=\"uncont\"><div class=\"vc_custom_heading_wrap\"><div class=\"heading-text el-text\" ><h2 class=\"font-175345 h2 font-weight-400\" ><span>Ankara, T\u00fcrkei<\/span><\/h2><div><p>A\u015eA\u011eI \u00d6VE\u00c7LER MAHALLES\u0130<br \/>\nAHMET HA\u015e\u0130M CADDES\u0130 NO:36\/1.<br \/>\n\u00c7ANKAYA\/ANKARA<\/p>\n<\/div><\/div><div class=\"clear\"><\/div><\/div><\/div><\/div><\/div><\/div><\/div><div class=\"wpb_column pos-top pos-center align_left column_child col-lg-6 single-internal-gutter\"><div class=\"uncol style-light\" ><div class=\"uncoltable\"><div class=\"uncell no-block-padding\" ><div class=\"uncont\"><div class=\"vc_custom_heading_wrap\"><div class=\"heading-text el-text\" ><h2 class=\"font-175345 h2 font-weight-400\" ><span>Kirchhain, Deutschland<\/span><\/h2><div><p>CHEMNITZER STRA\u00dfE 9<br \/>\n35274 KIRCHHAIN<br \/>\nHESSEN<\/p>\n<\/div><\/div><div class=\"clear\"><\/div><\/div><\/div><\/div><\/div><\/div><\/div><\/div><\/div><\/div><\/div><\/div><\/div><\/div><\/div><div class=\"wpb_column pos-top pos-center align_left column_parent col-lg-6 col-md-50 single-internal-gutter\"><div class=\"uncol style-light font-175345\"  ><div class=\"uncoltable\"><div class=\"uncell quad-block-padding style-accent-bg\" ><div class=\"uncont\">\n<div class=\"wpcf7 no-js\" id=\"wpcf7-f10131-o1\" lang=\"en-US\" dir=\"ltr\" data-wpcf7-id=\"10131\">\n<div class=\"screen-reader-response\"><p role=\"status\" aria-live=\"polite\" aria-atomic=\"true\"><\/p> <ul><\/ul><\/div>\n<form action=\"\/tr\/wp-json\/wp\/v2\/pages\/88780#wpcf7-f10131-o1\" method=\"post\" class=\"wpcf7-form init input-background form-no-labels\" aria-label=\"Contact form\" novalidate=\"novalidate\" data-status=\"init\" data-trp-original-action=\"\/tr\/wp-json\/wp\/v2\/pages\/88780#wpcf7-f10131-o1\">\n<fieldset class=\"hidden-fields-container\"><input type=\"hidden\" name=\"_wpcf7\" value=\"10131\" \/><input type=\"hidden\" name=\"_wpcf7_version\" value=\"6.1.5\" \/><input type=\"hidden\" name=\"_wpcf7_locale\" value=\"en_US\" \/><input type=\"hidden\" name=\"_wpcf7_unit_tag\" value=\"wpcf7-f10131-o1\" \/><input type=\"hidden\" name=\"_wpcf7_container_post\" value=\"0\" \/><input type=\"hidden\" name=\"_wpcf7_posted_data_hash\" value=\"\" \/>\n<\/fieldset>\n<div class=\"wpcf7-inline-wrapper\">\n\t<p class=\"wpcf7-inline-field\"><label for=\"First-name\" class=\"wpcf7-inline-field\">Name*<\/label><br \/>\n<span class=\"wpcf7-form-control-wrap\" data-name=\"first-name\"><input size=\"40\" maxlength=\"400\" class=\"wpcf7-form-control wpcf7-text wpcf7-validates-as-required\" id=\"first-name\" aria-required=\"true\" aria-invalid=\"false\" placeholder=\"Soyad\u0131\" value=\"\" type=\"text\" name=\"first-name\" \/><\/span>\n\t<\/p>\n\t<p class=\"wpcf7-inline-field\"><label for=\"email\" class=\"wpcf7-inline-field\">Email*<\/label><br \/>\n<span class=\"wpcf7-form-control-wrap\" data-name=\"email\"><input size=\"40\" maxlength=\"400\" class=\"wpcf7-form-control wpcf7-email wpcf7-validates-as-required wpcf7-text wpcf7-validates-as-email\" id=\"email\" aria-required=\"true\" aria-invalid=\"false\" placeholder=\"e-posta\" value=\"\" type=\"email\" name=\"email\" \/><\/span>\n\t<\/p>\n<\/div>\n<p class=\"wpcf7-inline-wide\"><label for=\"Subject\" class=\"wpcf7-inline-field\">Subject<\/label><br \/>\n<span class=\"wpcf7-form-control-wrap\" data-name=\"subject\"><input size=\"40\" maxlength=\"400\" class=\"wpcf7-form-control wpcf7-text\" id=\"subject\" aria-invalid=\"false\" placeholder=\"\u0130li\u015fkin\" value=\"\" type=\"text\" name=\"subject\" \/><\/span>\n<\/p>\n<p class=\"wpcf7-inline-wide\"><label for=\"search\" class=\"wpcf7-inline-field\">Was suchen Sie?*<\/label><br \/>\n<span class=\"wpcf7-form-control-wrap\" data-name=\"search\"><input size=\"40\" maxlength=\"400\" class=\"wpcf7-form-control wpcf7-text wpcf7-validates-as-required\" id=\"search\" aria-required=\"true\" aria-invalid=\"false\" placeholder=\"Was suchen Sie?\" value=\"\" type=\"text\" name=\"search\" \/><\/span>\n<\/p>\n<p><label for=\"your-message\">Mesaj\u0131n<\/label><br \/>\n<span class=\"wpcf7-form-control-wrap\" data-name=\"your-message\"><textarea cols=\"40\" rows=\"10\" maxlength=\"2000\" class=\"wpcf7-form-control wpcf7-textarea\" id=\"your-message\" aria-invalid=\"false\" placeholder=\"Mesaj\u0131n\" name=\"your-message\"><\/textarea><\/span>\n<\/p>\n<p><input class=\"wpcf7-form-control wpcf7-submit has-spinner btn btn-default btn-block btn-lg btn-circle btn-inherit font-weight-500\" type=\"submit\" value=\"Mesaj g\u00f6nder\" \/>\n<\/p><div class=\"wpcf7-response-output\" aria-hidden=\"true\"><\/div>\n<input type=\"hidden\" name=\"trp-form-language\" value=\"tr\"\/><\/form>\n<\/div>\n<\/div><\/div><\/div><\/div><\/div><script id=\"script-row-unique-1\" data-row=\"script-row-unique-1\" type=\"text\/javascript\" class=\"vc_controls\">UNCODE.initRow(document.getElementById(\"row-unique-1\"));<\/script><\/div><\/div><\/div>","protected":false},"excerpt":{"rendered":"Kontaktieren&nbsp;Sie&nbsp;uns.Wir freuen uns, mit Ihnen Kontakt aufzunehmen.Ankara, T\u00fcrkeiA\u015eA\u011eI \u00d6VE\u00c7LER MAHALLES\u0130 AHMET HA\u015e\u0130M CADDES\u0130 NO:36\/1. \u00c7ANKAYA\/ANKARA Kirchhain, DeutschlandCHEMNITZER STRA\u00dfE 9 35274 [...]","protected":false},"author":1,"featured_media":0,"parent":36601,"menu_order":0,"comment_status":"closed","ping_status":"closed","template":"","meta":{"footnotes":""},"class_list":["post-88780","page","type-page","status-publish","hentry"],"_links":{"self":[{"href":"https:\/\/personalagentur-oezdemir.de\/tr\/wp-json\/wp\/v2\/pages\/88780","targetHints":{"allow":["GET"]}}],"collection":[{"href":"https:\/\/personalagentur-oezdemir.de\/tr\/wp-json\/wp\/v2\/pages"}],"about":[{"href":"https:\/\/personalagentur-oezdemir.de\/tr\/wp-json\/wp\/v2\/types\/page"}],"author":[{"embeddable":true,"href":"https:\/\/personalagentur-oezdemir.de\/tr\/wp-json\/wp\/v2\/users\/1"}],"replies":[{"embeddable":true,"href":"https:\/\/personalagentur-oezdemir.de\/tr\/wp-json\/wp\/v2\/comments?post=88780"}],"version-history":[{"count":17,"href":"https:\/\/personalagentur-oezdemir.de\/tr\/wp-json\/wp\/v2\/pages\/88780\/revisions"}],"predecessor-version":[{"id":110735,"href":"https:\/\/personalagentur-oezdemir.de\/tr\/wp-json\/wp\/v2\/pages\/88780\/revisions\/110735"}],"up":[{"embeddable":true,"href":"https:\/\/personalagentur-oezdemir.de\/tr\/wp-json\/wp\/v2\/pages\/36601"}],"wp:attachment":[{"href":"https:\/\/personalagentur-oezdemir.de\/tr\/wp-json\/wp\/v2\/media?parent=88780"}],"curies":[{"name":"wp","href":"https:\/\/api.w.org\/{rel}","templated":true}]}}