{"id":88776,"date":"2021-03-19T10:19:12","date_gmt":"2021-03-19T09:19:12","guid":{"rendered":"https:\/\/undsgn.com\/uncode\/?page_id=88776"},"modified":"2022-07-16T09:21:06","modified_gmt":"2022-07-16T09:21:06","slug":"about-wide","status":"publish","type":"page","link":"https:\/\/personalagentur-oezdemir.de\/tr\/pages\/about-wide\/","title":{"rendered":"Tak\u0131m"},"content":{"rendered":"<div data-parent=\"true\" class=\"vc_row style-color-xsdn-bg row-container\" id=\"row-unique-0\"><div class=\"row quad-top-padding quad-bottom-padding single-h-padding limit-width row-parent\" data-height-ratio=\"50\"><div class=\"wpb_row row-inner\"><div class=\"wpb_column pos-middle pos-center align_center column_parent col-lg-12 single-internal-gutter\"><div class=\"uncol style-dark\"  ><div class=\"uncoltable\"><div class=\"uncell no-block-padding\" ><div class=\"uncont\"><div class=\"vc_custom_heading_wrap\"><div class=\"heading-text el-text curtain-words animate_inner_when_almost_visible el-text-split\" data-delay=\"200\" data-speed=\"600\"><h3 class=\"h1 text-color-wayh-color font-obs\" data-style=\"normal\" data-weight=\"600\" data-font=\"Inter\"><span class=\"heading-text-inner\"><span class=\"split-word word1\"><span class=\"split-word-flow\"><span class=\"split-word-inner\">Wenn<\/span><\/span><\/span><span class=\"split-word word2\"><span class=\"split-word-flow\"><span class=\"split-word-inner split-empty-inner\"><span class=\"split-word-empty\">&nbsp;<\/span>alle<\/span><\/span><\/span><span class=\"split-word word3\"><span class=\"split-word-flow\"><span class=\"split-word-inner split-empty-inner\"><span class=\"split-word-empty\">&nbsp;<\/span>gemeinsam<\/span><\/span><\/span><span class=\"split-word word4\"><span class=\"split-word-flow\"><span class=\"split-word-inner split-empty-inner\"><span class=\"split-word-empty\">&nbsp;<\/span>vorankommen,<\/span><\/span><\/span><span class=\"split-word word5\"><span class=\"split-word-flow\"><span class=\"split-word-inner split-empty-inner\"><span class=\"split-word-empty\">&nbsp;<\/span>dann<\/span><\/span><\/span><span class=\"split-word word6\"><span class=\"split-word-flow\"><span class=\"split-word-inner split-empty-inner\"><span class=\"split-word-empty\">&nbsp;<\/span>stellt<\/span><\/span><\/span><span class=\"split-word word7\"><span class=\"split-word-flow\"><span class=\"split-word-inner split-empty-inner\"><span class=\"split-word-empty\">&nbsp;<\/span>sich<\/span><\/span><\/span><span class=\"split-word word8\"><span class=\"split-word-flow\"><span class=\"split-word-inner split-empty-inner\"><span class=\"split-word-empty\">&nbsp;<\/span>profesyoneller<\/span><\/span><\/span><span class=\"split-word word9\"><span class=\"split-word-flow\"><span class=\"split-word-inner split-empty-inner\"><span class=\"split-word-empty\">&nbsp;<\/span>Erfolg<\/span><\/span><\/span><span class=\"split-word word10\"><span class=\"split-word-flow\"><span class=\"split-word-inner split-empty-inner\"><span class=\"split-word-empty\">&nbsp;<\/span>von<\/span><\/span><\/span><span class=\"split-word word11\"><span class=\"split-word-flow\"><span class=\"split-word-inner split-empty-inner\"><span class=\"split-word-empty\">&nbsp;<\/span>selbst<\/span><\/span><\/span><span class=\"split-word word12\"><span class=\"split-word-flow\"><span class=\"split-word-inner split-empty-inner\"><span class=\"split-word-empty\">&nbsp;<\/span>ein.<\/span><\/span><\/span><\/span><\/h3><\/div><div class=\"clear\"><\/div><\/div><div class=\"vc_custom_heading_wrap\"><div class=\"heading-text el-text curtain animate_inner_when_almost_visible el-text-split\" data-interval=\"200\"><h2 class=\"fontsize-160000 fontspace-210350 text-color-wayh-color text-uppercase font-obs\" data-style=\"normal\" data-weight=\"600\" data-font=\"Inter\"><span class=\"heading-text-inner\"><span class=\"split-word word1\"><span class=\"split-word-flow\"><span class=\"split-word-inner\">\u2014<\/span><\/span><\/span><span class=\"split-word word2\"><span class=\"split-word-flow\"><span class=\"split-word-inner split-empty-inner\"><span class=\"split-word-empty\">&nbsp;<\/span>Henry<\/span><\/span><\/span><span class=\"split-word word3\"><span class=\"split-word-flow\"><span class=\"split-word-inner split-empty-inner\"><span class=\"split-word-empty\">&nbsp;<\/span>Ford<\/span><\/span><\/span><\/span><\/h2><\/div><div class=\"clear\"><\/div><\/div><\/div><\/div><\/div><\/div><\/div><script id=\"script-row-unique-0\" data-row=\"script-row-unique-0\" type=\"text\/javascript\" class=\"vc_controls\">UNCODE.initRow(document.getElementById(\"row-unique-0\"));<\/script><\/div><\/div><\/div><div data-parent=\"true\" class=\"vc_row row-container\" id=\"row-unique-1\"><div class=\"row unequal col-no-gutter no-top-padding no-bottom-padding no-h-padding full-width row-parent\"><div class=\"wpb_row row-inner\"><div class=\"wpb_column pos-top pos-center align_left column_parent col-lg-6 col-md-33 single-internal-gutter\"><div class=\"uncol style-light\"  ><div class=\"uncoltable\" style=\"min-height: 320px;\"><div class=\"uncell single-block-padding\" ><div class=\"column-background background-element\">\n\t\t\t\t\t\t\t\t\t\t\t<div class=\"background-wrapper\">\n\t\t\t\t\t\t\t\t\t\t\t\t<div class=\"background-inner\" style=\"background-image: url(https:\/\/personalagentur-oezdemir.de\/wp-content\/uploads\/2022\/06\/worker-scaled.jpg);background-repeat: no-repeat;background-position: center center;background-size: cover;\" data-o_src=\"https:\/\/personalagentur-oezdemir.de\/wp-content\/uploads\/2022\/06\/worker-scaled.jpg\"><\/div>\n\t\t\t\t\t\t\t\t\t\t\t\t\n\t\t\t\t\t\t\t\t\t\t\t<\/div>\n\t\t\t\t\t\t\t\t\t\t<\/div><div class=\"uncont\"><\/div><\/div><\/div><\/div><\/div><div class=\"wpb_column pos-bottom pos-center align_left column_parent col-lg-6 col-md-66 single-internal-gutter\"><div class=\"uncol style-dark\"  ><div class=\"uncoltable\"><div class=\"uncell quad-block-padding style-accent-bg\" ><div class=\"uncont\"><div class=\"vc_custom_heading_wrap\"><div class=\"heading-text el-text\" ><h6 class=\"fontsize-160000 fontspace-210350 font-weight-600 text-uppercase\" ><span>Motivasyon<\/span><\/h6><\/div><div class=\"clear\"><\/div><\/div><div class=\"vc_custom_heading_wrap\"><div class=\"heading-text el-text\" ><h2 class=\"font-175345 fontsize-155944 font-weight-400\" ><span>Demografik De\u011fi\u015fim<\/span><\/h2><\/div><div class=\"clear\"><\/div><\/div><div class=\"uncode_text_column text-lead\" ><p>Ger\u00e7ekle\u015fen demografik de\u011fi\u015fim her zamankinden daha fazla mevcut. Bunun sonu\u00e7lar\u0131, Almanya'da y\u00fcksek vas\u0131fl\u0131 personel s\u0131k\u0131nt\u0131s\u0131na yol a\u00e7maktad\u0131r. Giderek azalan e\u011fitim oranlar\u0131 da bu vas\u0131fl\u0131 personel a\u00e7\u0131\u011f\u0131n\u0131n yeterince y\u00f6netilmedi\u011fini g\u00f6stermektedir. T\u00fcrkiye, bu soruna \u00e7\u00f6z\u00fcm olarak hizmet edebilecek \u00e7ok \u00e7e\u015fitli ve \u00e7ok say\u0131da nitelikli profesyonel yeti\u015ftirmektedir.<\/p>\n<\/div><\/div><\/div><\/div><\/div><\/div><script id=\"script-row-unique-1\" data-row=\"script-row-unique-1\" type=\"text\/javascript\" class=\"vc_controls\">UNCODE.initRow(document.getElementById(\"row-unique-1\"));<\/script><\/div><\/div><\/div><div data-parent=\"true\" class=\"vc_row inverted-device-order style-color-xsdn-bg row-container\" id=\"row-unique-2\"><div class=\"row unequal col-no-gutter no-top-padding no-bottom-padding no-h-padding full-width row-parent\"><div class=\"wpb_row row-inner\"><div class=\"wpb_column pos-bottom pos-center align_left column_parent col-lg-6 col-md-66 single-internal-gutter\"><div class=\"uncol style-dark\"  ><div class=\"uncoltable\"><div class=\"uncell quad-block-padding style-color-lxmt-bg\" ><div class=\"uncont\"><div class=\"vc_custom_heading_wrap\"><div class=\"heading-text el-text\" ><h6 class=\"fontsize-160000 fontspace-210350 font-weight-600 text-accent-color text-uppercase\" ><span>G\u00f6r\u00fc\u015f<\/span><\/h6><\/div><div class=\"clear\"><\/div><\/div><div class=\"vc_custom_heading_wrap\"><div class=\"heading-text el-text\" ><h2 class=\"font-175345 fontsize-155944 font-weight-400 text-color-jevc-color\" ><span>Bizim plan\u0131m\u0131z<\/span><\/h2><\/div><div class=\"clear\"><\/div><\/div><div class=\"uncode_text_column text-lead text-color-jevc-color\" ><p>\u00d6zdemir \u0130stihdam Ajans\u0131'n\u0131n vizyonu, Almanya'daki vas\u0131fl\u0131 personel a\u00e7\u0131\u011f\u0131n\u0131 T\u00fcrkiye'den y\u00fcksek vas\u0131fl\u0131 i\u015f\u00e7ilerle kapatmakt\u0131r. Bu a\u00e7\u0131k, her iki \u00fclkede de uzun vadeli ve iyi ili\u015fkilerle kapat\u0131lmal\u0131d\u0131r \u00d6zdemir \u0130stihdam Ajans\u0131'n\u0131n t\u00fcm b\u00fcrokratik g\u00f6revleri, t\u00fcm ileti\u015fim ve i\u015flemleri \u00fcstlendi\u011fi t\u00fcm taraflar\u0131n ba\u015far\u0131l\u0131 bir \u015fekilde a\u011f olu\u015fturmas\u0131na odaklanm\u0131\u015ft\u0131r.<\/p>\n<\/div><\/div><\/div><\/div><\/div><\/div><div class=\"wpb_column pos-top pos-center align_left column_parent col-lg-6 col-md-33 single-internal-gutter\"><div class=\"uncol style-light\"  ><div class=\"uncoltable\" style=\"min-height: 320px;\"><div class=\"uncell single-block-padding\" ><div class=\"column-background background-element\">\n\t\t\t\t\t\t\t\t\t\t\t<div class=\"background-wrapper\">\n\t\t\t\t\t\t\t\t\t\t\t\t<div class=\"background-inner\" style=\"background-image: url(https:\/\/personalagentur-oezdemir.de\/wp-content\/uploads\/2022\/06\/handshake-scaled.jpg);background-repeat: no-repeat;background-position: center center;background-size: cover;\" data-o_src=\"https:\/\/personalagentur-oezdemir.de\/wp-content\/uploads\/2022\/06\/handshake-scaled.jpg\"><\/div>\n\t\t\t\t\t\t\t\t\t\t\t\t\n\t\t\t\t\t\t\t\t\t\t\t<\/div>\n\t\t\t\t\t\t\t\t\t\t<\/div><div class=\"uncont\"><\/div><\/div><\/div><\/div><\/div><script id=\"script-row-unique-2\" data-row=\"script-row-unique-2\" type=\"text\/javascript\" class=\"vc_controls\">UNCODE.initRow(document.getElementById(\"row-unique-2\"));<\/script><\/div><\/div><\/div><div data-parent=\"true\" class=\"vc_row vc_custom_1654594772939 border-color-gyho-color row-container\" style=\"border-style: solid;border-top-width: 1px ;\" id=\"row-unique-3\"><div class=\"row penta-top-padding penta-bottom-padding double-h-padding full-width row-parent\"><div class=\"wpb_row row-inner\"><div class=\"wpb_column pos-top pos-center align_center column_parent col-lg-12 single-internal-gutter\"><div class=\"uncol style-light\"  ><div class=\"uncoltable\"><div class=\"uncell no-block-padding\" ><div class=\"uncont\"><div class=\"vc_custom_heading_wrap\"><div class=\"heading-text el-text\" ><h1 class=\"fontsize-155944\" ><span>Pano<\/span><\/h1><\/div><div class=\"clear\"><\/div><\/div><div class=\"empty-space empty-half\" ><span class=\"empty-space-inner\"><\/span><\/div>\n<div class=\"vc_row row-internal row-container\"><div class=\"row unequal col-double-gutter row-child\"><div class=\"wpb_row row-inner\"><div class=\"wpb_column pos-top pos-center align_center column_child col-lg-3 col-md-25 single-internal-gutter\"><div class=\"uncol style-light\" ><div class=\"uncoltable\"><div class=\"uncell no-block-padding\" ><div class=\"uncont\"><div class=\"icon-box icon-box-top\" ><div class=\"icon-box-icon fa-container\"><a href=\"#\" class=\"text-accent-color custom-link\"><i class=\"fa fa-user3 fa-3x fa-fw\"><\/i><\/a><\/div><div class=\"icon-box-content\"><div class=\"icon-box-heading icon-box-fa-3x\"><h3 class=\"h3\"><a href=\"#\">Hukuki Dan\u0131\u015fman\u0131<\/a><\/h3><\/div><p class=\"text-lead\">Rene Kleyer, avukat<\/p>\n<\/div><\/div><\/div><\/div><\/div><\/div><\/div><div class=\"wpb_column pos-top pos-center align_center column_child col-lg-3 col-md-25 single-internal-gutter\"><div class=\"uncol style-light\" ><div class=\"uncoltable\"><div class=\"uncell no-block-padding\" ><div class=\"uncont\"><div class=\"icon-box icon-box-top\" ><div class=\"icon-box-icon fa-container\"><a href=\"#\" class=\"text-accent-color custom-link\"><i class=\"fa fa-user3 fa-3x fa-fw\"><\/i><\/a><\/div><div class=\"icon-box-content\"><div class=\"icon-box-heading icon-box-fa-3x\"><h3 class=\"h3\"><a href=\"#\">Y\u00f6netici ve Sahibi<\/a><\/h3><\/div><p class=\"text-lead\">G\u00f6khan \u00d6zdemir, giri\u015fimci<\/p>\n<\/div><\/div><\/div><\/div><\/div><\/div><\/div><div class=\"wpb_column pos-top pos-center align_center column_child col-lg-3 col-md-25 single-internal-gutter\"><div class=\"uncol style-light\" ><div class=\"uncoltable\"><div class=\"uncell no-block-padding\" ><div class=\"uncont\"><div class=\"icon-box icon-box-top\" ><div class=\"icon-box-icon fa-container\"><a href=\"#\" class=\"text-accent-color custom-link\"><i class=\"fa fa-user3 fa-3x fa-fw\"><\/i><\/a><\/div><div class=\"icon-box-content\"><div class=\"icon-box-heading icon-box-fa-3x\"><h3 class=\"h3\"><a href=\"#\">Almanya Dan\u0131\u015fman\u0131<\/a><\/h3><\/div><p class=\"text-lead\">Hans-Georg Ebinger, \u015firket dan\u0131\u015fman\u0131<\/p>\n<\/div><\/div><\/div><\/div><\/div><\/div><\/div><div class=\"wpb_column pos-top pos-center align_center column_child col-lg-3 single-internal-gutter\"><div class=\"uncol style-light\" ><div class=\"uncoltable\"><div class=\"uncell no-block-padding\" ><div class=\"uncont\"><div class=\"icon-box icon-box-top\" ><div class=\"icon-box-icon fa-container\"><a href=\"#\" class=\"text-accent-color custom-link\"><i class=\"fa fa-user3 fa-3x fa-fw\"><\/i><\/a><\/div><div class=\"icon-box-content\"><div class=\"icon-box-heading icon-box-fa-3x\"><h3 class=\"h3\"><a href=\"#\">T\u00fcrkiye Y\u00f6netmeni<\/a><\/h3><\/div><p class=\"text-lead\">Ahmet Kaplan, mali m\u00fc\u015favir<\/p>\n<\/div><\/div><\/div><\/div><\/div><\/div><\/div><\/div><\/div><\/div><\/div><\/div><\/div><\/div><\/div><script id=\"script-row-unique-3\" data-row=\"script-row-unique-3\" type=\"text\/javascript\" class=\"vc_controls\">UNCODE.initRow(document.getElementById(\"row-unique-3\"));<\/script><\/div><\/div><\/div><div data-parent=\"true\" class=\"vc_row style-accent-bg row-container\" id=\"row-unique-4\"><div class=\"row quad-top-padding quad-bottom-padding single-h-padding limit-width row-parent\"><div class=\"wpb_row row-inner\"><div class=\"wpb_column pos-top pos-center align_center column_parent col-lg-12 single-internal-gutter\"><div class=\"uncol style-dark\"  ><div class=\"uncoltable\"><div class=\"uncell\" ><div class=\"uncont no-block-padding col-custom-width\" style=\"max-width:696px;\"><div class=\"vc_row row-internal row-container\"><div class=\"row row-child\"><div class=\"wpb_row row-inner\"><div class=\"wpb_column pos-top pos-center align_center column_child col-lg-12 half-internal-gutter\"><div class=\"uncol style-dark\" ><div class=\"uncoltable\"><div class=\"uncell no-block-padding\" ><div class=\"uncont\"><div class=\"vc_custom_heading_wrap\"><div class=\"heading-text el-text\" ><h4 class=\"font-175345 fontsize-338686 font-weight-400\" ><span>Bize Ula\u015f\u0131n.<\/span><\/h4><\/div><div class=\"clear\"><\/div><\/div><div class=\"uncode_text_column text-lead\" ><p>Herhangi bir sorunuz, i\u015f teklifiniz veya ba\u015fvurunuz varsa, size yard\u0131mc\u0131 olmaktan memnuniyet duyar\u0131z.<\/p>\n<\/div><\/div><\/div><\/div><\/div><\/div><\/div><\/div><\/div><span class=\"btn-container\" ><a href=\"https:\/\/personalagentur-oezdemir.de\/tr\/pages\/contact-wide\/\" class=\"custom-link btn btn-custom-typo font-175345 font-weight-400 text-initial no-letterspace border-width-0 btn-default btn-circle btn-icon-left\" title=\"Contact Wide\">Buraya T\u0131kla<\/a><\/span><\/div><\/div><\/div><\/div><\/div><script id=\"script-row-unique-4\" data-row=\"script-row-unique-4\" type=\"text\/javascript\" class=\"vc_controls\">UNCODE.initRow(document.getElementById(\"row-unique-4\"));<\/script><\/div><\/div><\/div>","protected":false},"excerpt":{"rendered":"Wenn&nbsp;alle&nbsp;gemeinsam&nbsp;vorankommen,&nbsp;dann&nbsp;stellt&nbsp;sich&nbsp;der&nbsp;Erfolg&nbsp;von&nbsp;selbst&nbsp;ein.\u2014&nbsp;Henry&nbsp;Ford MotivationDemografischer WandelDer stattfindende demografische Wandel ist so pr\u00e4sent wie nie. Die Folgen daraus m\u00fcnden in einem hohen Fachkr\u00e4ftemangel in [...]","protected":false},"author":1,"featured_media":0,"parent":36601,"menu_order":0,"comment_status":"closed","ping_status":"closed","template":"","meta":{"footnotes":""},"class_list":["post-88776","page","type-page","status-publish","hentry"],"_links":{"self":[{"href":"https:\/\/personalagentur-oezdemir.de\/tr\/wp-json\/wp\/v2\/pages\/88776","targetHints":{"allow":["GET"]}}],"collection":[{"href":"https:\/\/personalagentur-oezdemir.de\/tr\/wp-json\/wp\/v2\/pages"}],"about":[{"href":"https:\/\/personalagentur-oezdemir.de\/tr\/wp-json\/wp\/v2\/types\/page"}],"author":[{"embeddable":true,"href":"https:\/\/personalagentur-oezdemir.de\/tr\/wp-json\/wp\/v2\/users\/1"}],"replies":[{"embeddable":true,"href":"https:\/\/personalagentur-oezdemir.de\/tr\/wp-json\/wp\/v2\/comments?post=88776"}],"version-history":[{"count":46,"href":"https:\/\/personalagentur-oezdemir.de\/tr\/wp-json\/wp\/v2\/pages\/88776\/revisions"}],"predecessor-version":[{"id":110878,"href":"https:\/\/personalagentur-oezdemir.de\/tr\/wp-json\/wp\/v2\/pages\/88776\/revisions\/110878"}],"up":[{"embeddable":true,"href":"https:\/\/personalagentur-oezdemir.de\/tr\/wp-json\/wp\/v2\/pages\/36601"}],"wp:attachment":[{"href":"https:\/\/personalagentur-oezdemir.de\/tr\/wp-json\/wp\/v2\/media?parent=88776"}],"curies":[{"name":"wp","href":"https:\/\/api.w.org\/{rel}","templated":true}]}}