{"id":44822,"date":"2016-02-18T18:09:21","date_gmt":"2016-02-18T17:09:21","guid":{"rendered":"https:\/\/undsgn.com\/uncode\/?page_id=44822"},"modified":"2022-07-16T09:17:03","modified_gmt":"2022-07-16T09:17:03","slug":"classic-consultants","status":"publish","type":"page","link":"https:\/\/personalagentur-oezdemir.de\/tr\/","title":{"rendered":"Classic Consultants"},"content":{"rendered":"<div data-parent=\"true\" class=\"vc_row style-color-xsdn-bg row-container\" id=\"row-unique-0\"><div class=\"row penta-top-padding penta-bottom-padding single-h-padding limit-width row-parent\" data-height-ratio=\"70\"><div class=\"wpb_row row-inner\"><div class=\"wpb_column pos-middle pos-center align_center column_parent col-lg-12 half-internal-gutter\"><div class=\"uncol style-light animate_when_almost_visible bottom-t-top\"  data-speed=\"1000\"><div class=\"uncoltable\"><div class=\"uncell\" ><div class=\"uncont no-block-padding col-custom-width\" style=\"max-width:996px;\"><div class=\"vc_custom_heading_wrap\"><div class=\"heading-text el-text\" ><h6 class=\"h2 fontspace-210350 font-weight-600 text-accent-color text-uppercase\" ><span>\u00d6zdemir \u0130stihdam Ajans\u0131<\/span><\/h6><\/div><div class=\"clear\"><\/div><\/div><div class=\"vc_custom_heading_wrap\"><div class=\"heading-text el-text curtain-words animate_inner_when_almost_visible el-text-split\" data-delay=\"200\" data-speed=\"1000\"><h1 class=\"fontsize-338686 fontspace-781688 font-weight-300 font-obs\" data-style=\"normal\" data-weight=\"300\" data-font=\"Inter\"><span class=\"heading-text-inner\"><span class=\"JsGRdQ\"><span class=\"split-word word1\"><span class=\"split-word-flow\"><span class=\"split-word-inner\">T\u00fcrkiye'<\/span><\/span><\/span><span class=\"split-word word2\"><span class=\"split-word-flow\"><span class=\"split-word-inner split-empty-inner\"><span class=\"split-word-empty\">&nbsp;<\/span>den<\/span><\/span><\/span><span class=\"split-word word3\"><span class=\"split-word-flow\"><span class=\"split-word-inner split-empty-inner\"><span class=\"split-word-empty\">&nbsp;<\/span>nitelikli<\/span><\/span><\/span><span class=\"split-word word4\"><span class=\"split-word-flow\"><span class=\"split-word-inner split-empty-inner\"><span class=\"split-word-empty\">&nbsp;<\/span>profesyoneller<\/span><\/span><\/span><span class=\"split-word word5\"><span class=\"split-word-flow\"><span class=\"split-word-inner split-empty-inner\"><span class=\"split-word-empty\">&nbsp;<\/span>.<\/span><\/span><\/span><\/span><\/span><\/h1><\/div><div class=\"clear\"><\/div><\/div><div class=\"empty-space empty-single\" ><span class=\"empty-space-inner\"><\/span><\/div>\n<span class=\"btn-container animate_when_almost_visible bottom-t-top\" data-delay=\"200\" data-speed=\"1000\"><a href=\"https:\/\/personalagentur-oezdemir.de\/tr\/pages\/services-wide\/\" class=\"custom-link btn btn-lg btn-custom-typo font-377884 font-weight-400 text-initial no-letterspace border-width-0 btn-text-skin btn-accent btn-circle btn-icon-left\" title=\"Services Wide\">Daha fazla bilgi edin.<\/a><\/span><\/div><\/div><\/div><\/div><\/div><script id=\"script-row-unique-0\" data-row=\"script-row-unique-0\" type=\"text\/javascript\" class=\"vc_controls\">UNCODE.initRow(document.getElementById(\"row-unique-0\"));<\/script><\/div><\/div><\/div><div data-parent=\"true\" class=\"vc_row style-color-lxmt-bg row-container\" id=\"row-unique-1\"><div class=\"row col-no-gutter no-top-padding no-bottom-padding no-h-padding full-width row-parent\"><div class=\"wpb_row row-inner\"><div class=\"wpb_column pos-top pos-center align_left column_parent col-lg-6 double-internal-gutter\"><div class=\"uncol style-light animate_when_almost_visible alpha-anim\"  data-delay=\"200\"><div class=\"uncoltable\"><div class=\"uncell quad-block-padding style-color-gyho-bg\" ><div class=\"uncont\"><div class=\"vc_custom_heading_wrap\"><div class=\"heading-text el-text\" ><h6 class=\"h4 fontspace-210350 font-weight-600 text-accent-color text-uppercase\" ><span>Almanya'daki i\u015fverenler i\u00e7in<\/span><\/h6><\/div><div class=\"clear\"><\/div><\/div><div class=\"vc_custom_heading_wrap\"><div class=\"heading-text el-text\" ><h3 class=\"h2 fontheight-357766 font-weight-300\" ><span>Vas\u0131f<\/span><\/h3><div><p>\u00d6zdemir \u0130stihdam Ajans\u0131, standartla\u015ft\u0131r\u0131lm\u0131\u015f s\u00fcre\u00e7ler, ba\u011f\u0131ms\u0131z denetim kurumlar\u0131 ve gerekli t\u00fcm belgelerin ve y\u00fcksek nitelikli uzmanlar\u0131n yard\u0131m\u0131yla ki\u015fissel niteliklerinize y\u00f6nelik uygun i\u015f imkan\u0131n\u0131 sa\u011flar. T\u00fcm b\u00fcrokratik i\u015flerle ilgilenen personelimizle \u015feffafl\u0131k \u00f6nceli\u011fimizdir.<\/p>\n<\/div><\/div><div class=\"clear\"><\/div><\/div><span class=\"btn-container\" ><a href=\"https:\/\/personalagentur-oezdemir.de\/tr\/leistungen-arbeitgeber\/\" class=\"custom-link btn btn-custom-typo font-377884 font-weight-400 text-initial no-letterspace border-width-0 btn-text-skin btn-accent btn-circle btn-icon-left\" title=\"Services Wide\">Daha fazla bilgi edin.<\/a><\/span><\/div><\/div><\/div><\/div><\/div><div class=\"wpb_column pos-top pos-center align_left column_parent col-lg-6 double-internal-gutter\"><div class=\"uncol style-light animate_when_almost_visible alpha-anim\"  data-speed=\"1000\"><div class=\"uncoltable\"><div class=\"uncell quad-block-padding\" ><div class=\"uncont\"><div class=\"vc_custom_heading_wrap\"><div class=\"heading-text el-text\" ><h6 class=\"h4 fontspace-210350 font-weight-600 text-accent-color text-uppercase\" ><span>T\u00fcrkiye'deki i\u015f\u00e7iler i\u00e7in<\/span><\/h6><\/div><div class=\"clear\"><\/div><\/div><div class=\"vc_custom_heading_wrap\"><div class=\"heading-text el-text\" ><h3 class=\"h2 fontheight-357766 font-weight-300\" ><span>B\u00fcrokrasi yok<\/span><\/h3><div><p>Alman makamlar\u0131yla ilk temastan kal\u0131c\u0131 bir i\u015fe kadar:  \u00d6zdemir \u0130stihdam Ajans\u0131 t\u00fcm b\u00fcrokratik i\u015flerle ilgilenir. T\u00fcm \u00f6nemli bilgiler ekibimiz taraf\u0131ndan kaydedilir ve belgelerin m\u00fcmk\u00fcn olan en y\u00fcksek kalitede olmas\u0131n\u0131 sa\u011flamak i\u00e7in uzmanlar taraf\u0131ndan kontrol edilir.<\/p>\n<\/div><\/div><div class=\"clear\"><\/div><\/div><span class=\"btn-container\" ><a href=\"https:\/\/personalagentur-oezdemir.de\/tr\/leistungen-arbeitnehmer\/\" class=\"custom-link btn btn-custom-typo font-377884 font-weight-400 text-initial no-letterspace border-width-0 btn-text-skin btn-accent btn-circle btn-icon-left\" title=\"Services Wide\">Daha fazla bilgi edin.<\/a><\/span><\/div><\/div><\/div><\/div><\/div><script id=\"script-row-unique-1\" data-row=\"script-row-unique-1\" type=\"text\/javascript\" class=\"vc_controls\">UNCODE.initRow(document.getElementById(\"row-unique-1\"));<\/script><\/div><\/div><\/div><div data-parent=\"true\" class=\"vc_row style-accent-bg row-container\" id=\"row-unique-2\"><div class=\"row quad-top-padding quad-bottom-padding single-h-padding limit-width row-parent\"><div class=\"wpb_row row-inner\"><div class=\"wpb_column pos-top pos-center align_center column_parent col-lg-12 single-internal-gutter\"><div class=\"uncol style-dark\"  ><div class=\"uncoltable\"><div class=\"uncell\" ><div class=\"uncont no-block-padding col-custom-width\" style=\"max-width:696px;\"><div class=\"vc_row row-internal row-container\"><div class=\"row row-child\"><div class=\"wpb_row row-inner\"><div class=\"wpb_column pos-top pos-center align_center column_child col-lg-12 half-internal-gutter\"><div class=\"uncol style-dark\" ><div class=\"uncoltable\"><div class=\"uncell no-block-padding\" ><div class=\"uncont\"><div class=\"vc_custom_heading_wrap\"><div class=\"heading-text el-text\" ><h4 class=\"font-175345 fontsize-338686 font-weight-400\" ><span>Bize Ula\u015f\u0131n.<\/span><\/h4><\/div><div class=\"clear\"><\/div><\/div><div class=\"uncode_text_column text-lead\" ><p>Herhangi bir sorunuz, i\u015f teklifiniz veya ba\u015fvurunuz varsa, size yard\u0131mc\u0131 olmaktan memnuniyet duyar\u0131z.<\/p>\n<\/div><\/div><\/div><\/div><\/div><\/div><\/div><\/div><\/div><span class=\"btn-container\" ><a href=\"https:\/\/personalagentur-oezdemir.de\/tr\/pages\/contact-wide\/\" class=\"custom-link btn btn-custom-typo font-175345 font-weight-400 text-initial no-letterspace border-width-0 btn-default btn-circle btn-icon-left\" title=\"Contact Wide\">Buraya T\u0131kla<\/a><\/span><\/div><\/div><\/div><\/div><\/div><script id=\"script-row-unique-2\" data-row=\"script-row-unique-2\" type=\"text\/javascript\" class=\"vc_controls\">UNCODE.initRow(document.getElementById(\"row-unique-2\"));<\/script><\/div><\/div><\/div>","protected":false},"excerpt":{"rendered":"Personalagentur \u00d6zdemirQualifizierte&nbsp;Fachkr\u00e4fte&nbsp;aus&nbsp;der&nbsp;T\u00fcrkei Mehr erfahrenF\u00fcr Arbeitgeber in DeutschlandQualifizierungMithilfe von standardisierten Prozessen, unabh\u00e4ngigen Pr\u00fcfstellen sowie allen erforderlichen Dokumenten stellt die Personalagentur \u00d6zdemir [...]","protected":false},"author":1,"featured_media":99674,"parent":0,"menu_order":0,"comment_status":"closed","ping_status":"closed","template":"","meta":{"footnotes":""},"class_list":["post-44822","page","type-page","status-publish","has-post-thumbnail","hentry","page_category-classic","page_category-agency"],"_links":{"self":[{"href":"https:\/\/personalagentur-oezdemir.de\/tr\/wp-json\/wp\/v2\/pages\/44822","targetHints":{"allow":["GET"]}}],"collection":[{"href":"https:\/\/personalagentur-oezdemir.de\/tr\/wp-json\/wp\/v2\/pages"}],"about":[{"href":"https:\/\/personalagentur-oezdemir.de\/tr\/wp-json\/wp\/v2\/types\/page"}],"author":[{"embeddable":true,"href":"https:\/\/personalagentur-oezdemir.de\/tr\/wp-json\/wp\/v2\/users\/1"}],"replies":[{"embeddable":true,"href":"https:\/\/personalagentur-oezdemir.de\/tr\/wp-json\/wp\/v2\/comments?post=44822"}],"version-history":[{"count":40,"href":"https:\/\/personalagentur-oezdemir.de\/tr\/wp-json\/wp\/v2\/pages\/44822\/revisions"}],"predecessor-version":[{"id":110875,"href":"https:\/\/personalagentur-oezdemir.de\/tr\/wp-json\/wp\/v2\/pages\/44822\/revisions\/110875"}],"wp:featuredmedia":[{"embeddable":true,"href":"https:\/\/personalagentur-oezdemir.de\/tr\/wp-json\/wp\/v2\/media\/99674"}],"wp:attachment":[{"href":"https:\/\/personalagentur-oezdemir.de\/tr\/wp-json\/wp\/v2\/media?parent=44822"}],"curies":[{"name":"wp","href":"https:\/\/api.w.org\/{rel}","templated":true}]}}