{"id":110774,"date":"2022-06-30T11:15:21","date_gmt":"2022-06-30T11:15:21","guid":{"rendered":"https:\/\/personalagentur-oezdemir.de\/?page_id=110774"},"modified":"2022-06-30T15:36:28","modified_gmt":"2022-06-30T15:36:28","slug":"leistungen-arbeitnehmer","status":"publish","type":"page","link":"https:\/\/personalagentur-oezdemir.de\/tr\/leistungen-arbeitnehmer\/","title":{"rendered":"Leistungen &#8211; Arbeitnehmer"},"content":{"rendered":"<div data-parent=\"true\" class=\"vc_row style-color-xsdn-bg row-container\" id=\"row-unique-0\"><div class=\"row exa-top-padding exa-bottom-padding single-h-padding limit-width row-parent\" data-height-ratio=\"51\"><div class=\"wpb_row row-inner\"><div class=\"wpb_column pos-middle pos-center align_center column_parent col-lg-12 half-internal-gutter\"><div class=\"uncol style-light\"  ><div class=\"uncoltable\"><div class=\"uncell\" ><div class=\"uncont no-block-padding col-custom-width\" style=\"max-width:996px;\"><div class=\"vc_custom_heading_wrap\"><div class=\"heading-text el-text curtain-words animate_inner_when_almost_visible el-text-split\" data-delay=\"200\" data-speed=\"1000\"><h1 class=\"font-175345 fontsize-338686 font-weight-400 font-obs\" data-style=\"normal\" data-weight=\"400\" data-font=\"Lora\"><span class=\"heading-text-inner\"><span class=\"split-word word1\"><span class=\"split-word-flow\"><span class=\"split-word-inner\">Wir<\/span><\/span><\/span><span class=\"split-word word2\"><span class=\"split-word-flow\"><span class=\"split-word-inner split-empty-inner\"><span class=\"split-word-empty\">&nbsp;<\/span>finden<\/span><\/span><\/span><span class=\"split-word word3\"><span class=\"split-word-flow\"><span class=\"split-word-inner split-empty-inner\"><span class=\"split-word-empty\">&nbsp;<\/span>den<\/span><\/span><\/span><span class=\"split-word word4\"><span class=\"split-word-flow\"><span class=\"split-word-inner split-empty-inner\"><span class=\"split-word-empty\">&nbsp;<\/span>passenden<\/span><\/span><\/span><span class=\"split-word word5\"><span class=\"split-word-flow\"><span class=\"split-word-inner split-empty-inner\"><span class=\"split-word-empty\">&nbsp;<\/span>Arbeitgeber<\/span><\/span><\/span><span class=\"split-word word6\"><span class=\"split-word-flow\"><span class=\"split-word-inner split-empty-inner\"><span class=\"split-word-empty\">&nbsp;<\/span>f\u00fcr<\/span><\/span><\/span><span class=\"split-word word7\"><span class=\"split-word-flow\"><span class=\"split-word-inner split-empty-inner\"><span class=\"split-word-empty\">&nbsp;<\/span>Sie.<\/span><\/span><\/span><\/span><\/h1><\/div><div class=\"clear\"><\/div><\/div><\/div><\/div><\/div><\/div><\/div><script id=\"script-row-unique-0\" data-row=\"script-row-unique-0\" type=\"text\/javascript\" class=\"vc_controls\">UNCODE.initRow(document.getElementById(\"row-unique-0\"));<\/script><\/div><\/div><\/div><div data-parent=\"true\" class=\"vc_row style-color-lxmt-bg row-container\" id=\"row-unique-1\"><div class=\"row unequal col-no-gutter no-top-padding no-bottom-padding no-h-padding full-width row-parent\"><div class=\"wpb_row row-inner\"><div class=\"wpb_column pos-top pos-center align_left column_parent col-lg-6 no-internal-gutter\"><div class=\"uncol style-light\"  ><div class=\"uncoltable\"><div class=\"uncell quad-block-padding\" ><div class=\"uncont\"><div class=\"vc_row row-internal row-container\"><div class=\"row row-child\"><div class=\"wpb_row row-inner\"><div class=\"wpb_column pos-middle pos-center align_center column_child col-lg-12 single-internal-gutter\"><div class=\"uncol style-light\" ><div class=\"uncoltable\"><div class=\"uncell  vc_custom_1654513522521 single-block-padding\" style=\"padding-top: 0px ;\" ><div class=\"uncont\"><div class=\"vc_custom_heading_wrap\"><div class=\"heading-text el-text\" ><h3 class=\"font-175345 h2 fontheight-357766 font-weight-400\" ><span>T\u00fcrkiye Ofisimiz, Ankara<\/span><\/h3><\/div><div class=\"clear\"><\/div><\/div><\/div><\/div><\/div><\/div><\/div><\/div><\/div><\/div><div class=\"vc_row row-internal row-container\"><div class=\"row row-child\"><div class=\"wpb_row row-inner\"><div class=\"wpb_column pos-middle pos-center align_center column_child col-lg-12 single-internal-gutter\"><div class=\"uncol style-light\" ><div class=\"uncoltable\"><div class=\"uncell  vc_custom_1654513522521 single-block-padding\" style=\"padding-top: 0px ;\" ><div class=\"uncont\"><div class=\"icon-box icon-box-top  icon-inline\" ><div class=\"icon-box-icon fa-container\" style=\"margin-bottom: 0px;\"><span class=\"fa fa-stack fa-3x btn-accent fa-rounded btn-disable-hover\"><i class=\"fa fa-arrows-v\"><\/i><\/span><\/div><\/div><\/div><\/div><\/div><\/div><\/div><\/div><\/div><\/div><div class=\"vc_row row-internal row-container\"><div class=\"row row-child\"><div class=\"wpb_row row-inner\"><div class=\"wpb_column pos-middle pos-center align_center column_child col-lg-12 double-internal-gutter\"><div class=\"uncol style-light shift_y_single\" ><div class=\"uncoltable\"><div class=\"uncell  vc_custom_1654513591194 double-block-padding\" style=\"border-top-width: 10px ;padding-top: 0px ;\" ><div class=\"uncont\"><div class=\"vc_custom_heading_wrap\"><div class=\"heading-text el-text\" ><h3 class=\"font-175345 h2 fontheight-357766 font-weight-400\" ><span>Koordinasyon<\/span><\/h3><\/div><div class=\"clear\"><\/div><\/div><\/div><\/div><\/div><\/div><\/div><\/div><\/div><\/div><div class=\"vc_row row-internal row-container\"><div class=\"row row-child\"><div class=\"wpb_row row-inner\"><div class=\"wpb_column pos-middle pos-center align_center column_child col-lg-12 single-internal-gutter\"><div class=\"uncol style-light\" ><div class=\"uncoltable\"><div class=\"uncell  vc_custom_1654513522521 single-block-padding\" style=\"padding-top: 0px ;\" ><div class=\"uncont\"><div class=\"icon-box icon-box-top  icon-inline\" ><div class=\"icon-box-icon fa-container\" style=\"margin-bottom: 0px;\"><span class=\"fa fa-stack fa-3x btn-accent fa-rounded btn-disable-hover\"><i class=\"fa fa-arrows-v\"><\/i><\/span><\/div><\/div><\/div><\/div><\/div><\/div><\/div><\/div><\/div><\/div><div class=\"vc_row row-internal row-container\"><div class=\"row row-child\"><div class=\"wpb_row row-inner\"><div class=\"wpb_column pos-top pos-center align_center column_child col-lg-12 single-internal-gutter\"><div class=\"uncol style-light\" ><div class=\"uncoltable\"><div class=\"uncell  vc_custom_1654339767658 single-block-padding\" style=\"padding-bottom: 0px ;\" ><div class=\"uncont\"><div class=\"vc_custom_heading_wrap\"><div class=\"heading-text el-text\" ><h3 class=\"font-175345 h2 fontheight-357766 font-weight-400\" ><span>Almanya Ofisimiz, Kirchhain<\/span><\/h3><\/div><div class=\"clear\"><\/div><\/div><\/div><\/div><\/div><\/div><\/div><\/div><\/div><\/div><\/div><\/div><\/div><\/div><\/div><div class=\"wpb_column pos-top pos-center align_left column_parent col-lg-6 single-internal-gutter\"><div class=\"uncol style-light\"  ><div class=\"uncoltable\" style=\"min-height: 320px;\"><div class=\"uncell single-block-padding\" ><div class=\"column-background background-element\">\n\t\t\t\t\t\t\t\t\t\t\t<div class=\"background-wrapper\">\n\t\t\t\t\t\t\t\t\t\t\t\t<div class=\"background-inner\" style=\"background-image: url(https:\/\/personalagentur-oezdemir.de\/wp-content\/uploads\/2022\/06\/hands.png);background-repeat: no-repeat;background-position: center center;background-size: cover;\" data-o_src=\"https:\/\/personalagentur-oezdemir.de\/wp-content\/uploads\/2022\/06\/hands.png\"><\/div>\n\t\t\t\t\t\t\t\t\t\t\t\t\n\t\t\t\t\t\t\t\t\t\t\t<\/div>\n\t\t\t\t\t\t\t\t\t\t<\/div><div class=\"uncont\"><\/div><\/div><\/div><\/div><\/div><script id=\"script-row-unique-1\" data-row=\"script-row-unique-1\" type=\"text\/javascript\" class=\"vc_controls\">UNCODE.initRow(document.getElementById(\"row-unique-1\"));<\/script><\/div><\/div><\/div><div data-parent=\"true\" class=\"vc_row style-color-lxmt-bg row-container\" id=\"row-unique-2\"><div class=\"row col-no-gutter no-top-padding no-bottom-padding no-h-padding full-width row-parent\"><div class=\"wpb_row row-inner\"><div class=\"wpb_column pos-top pos-center align_left column_parent col-lg-6 double-internal-gutter\"><div class=\"uncol style-light animate_when_almost_visible alpha-anim\"  data-delay=\"200\"><div class=\"uncoltable\"><div class=\"uncell quad-block-padding style-color-xsdn-bg\" ><div class=\"uncont\"><div class=\"vc_custom_heading_wrap\"><div class=\"heading-text el-text\" ><h6 class=\"h4 fontspace-210350 font-weight-600 text-accent-color text-uppercase\" ><span>T\u00fcrkiye'deki i\u015f\u00e7iler i\u00e7in<\/span><\/h6><\/div><div class=\"clear\"><\/div><\/div><div class=\"vc_custom_heading_wrap\"><div class=\"heading-text el-text\" ><h3 class=\"h2 fontheight-357766 font-weight-300\" ><span>B\u00fcrokrasi yok<\/span><\/h3><div><p>Alman makamlar\u0131yla ilk temastan kal\u0131c\u0131 bir i\u015fe kadar:  \u00d6zdemir \u0130stihdam Ajans\u0131 t\u00fcm b\u00fcrokratik i\u015flerle ilgilenir. T\u00fcm \u00f6nemli bilgiler ekibimiz taraf\u0131ndan kaydedilir ve belgelerin m\u00fcmk\u00fcn olan en y\u00fcksek kalitede olmas\u0131n\u0131 sa\u011flamak i\u00e7in uzmanlar taraf\u0131ndan kontrol edilir.<\/p>\n<\/div><\/div><div class=\"clear\"><\/div><\/div><div class=\"vc_custom_heading_wrap\"><div class=\"heading-text el-text\" ><h3 class=\"h2 font-weight-300\" ><span>Yak\u0131n \u0130leti\u015fim<\/span><\/h3><div><p>\u0130\u015fimize olan g\u00fcveniniz ve memnuniyetiniz \u00f6nceli\u011fimizdir. Bu nedenle, yak\u0131n ve karma\u015f\u0131k olmayan ileti\u015fim, ba\u015far\u0131l\u0131 bir i\u015f birli\u011finin temelidir. Bu nedenle, koordinasyon y\u00f6netimimiz, sorular\u0131n\u0131z\u0131 veya fikirleri m\u00fcmk\u00fcn olan en k\u0131sa s\u00fcrede hayata ge\u00e7irmeniz i\u00e7in her zaman haz\u0131rd\u0131r.<\/p>\n<\/div><\/div><div class=\"clear\"><\/div><\/div><div class=\"vc_custom_heading_wrap\"><div class=\"heading-text el-text\" ><h3 class=\"h2 font-weight-300\" ><span>Deneyim<\/span><\/h3><div><p>Almanya ve T\u00fcrkiye i\u015fg\u00fcc\u00fc piyasas\u0131ndaki kapsaml\u0131 deneyimimiz sayesinde \u00d6zdemir \u0130stihdam Ajans\u0131, bir sonraki profesyonel ad\u0131m i\u00e7in m\u00fckemmel bir ortakt\u0131r. Odak noktas\u0131 g\u00fcven, profesyonellik ve bir hedef \u00fczerinde birlikte \u00e7al\u0131\u015fmakt\u0131r.<\/p>\n<\/div><\/div><div class=\"clear\"><\/div><\/div><\/div><\/div><\/div><\/div><\/div><div class=\"wpb_column pos-top pos-center align_left column_parent col-lg-6 double-internal-gutter\"><div class=\"uncol style-light animate_when_almost_visible alpha-anim\"  data-speed=\"1000\"><div class=\"uncoltable\"><div class=\"uncell quad-block-padding style-color-lxmt-bg\" ><div class=\"uncont\"><div class=\"vc_custom_heading_wrap\"><div class=\"heading-text el-text\" ><\/div><div class=\"clear\"><\/div><\/div><div class=\"vc_custom_heading_wrap\"><div class=\"heading-text el-text\" ><h3 class=\"h2 fontheight-357766 font-weight-300\" ><span>Vas\u0131f<\/span><\/h3><div><p>\u00d6zdemir \u0130stihdam Ajans\u0131, standartla\u015ft\u0131r\u0131lm\u0131\u015f s\u00fcre\u00e7ler, ba\u011f\u0131ms\u0131z denetim kurumlar\u0131 ve gerekli t\u00fcm belgelerin ve y\u00fcksek nitelikli uzmanlar\u0131n yard\u0131m\u0131yla ki\u015fissel niteliklerinize y\u00f6nelik uygun i\u015f imkan\u0131n\u0131 sa\u011flar. T\u00fcm b\u00fcrokratik i\u015flerle ilgilenen personelimizle \u015feffafl\u0131k \u00f6nceli\u011fimizdir.<\/p>\n<\/div><\/div><div class=\"clear\"><\/div><\/div><div class=\"vc_custom_heading_wrap\"><div class=\"heading-text el-text\" ><h3 class=\"h2 font-weight-300\" ><span>Haz\u0131rl\u0131klar<\/span><\/h3><div><p>Gerekli dil kursundan ba\u015flayarak, m\u00fc\u015fterilerimiz Almanya'da \u00e7al\u0131\u015fmaya iyi bir ba\u015flang\u0131\u00e7 i\u00e7in her bak\u0131mdan haz\u0131rlan\u0131rlar. E\u011fitimli ve deneyimli personelimiz, k\u00fc\u00e7\u00fck sorulardan karma\u015f\u0131k ya\u015fam ko\u015fullar\u0131na y\u00f6nelik \u00e7\u00f6z\u00fcmlere kadar ellerinden geldi\u011fince yard\u0131mc\u0131 olacakt\u0131r.<\/p>\n<\/div><\/div><div class=\"clear\"><\/div><\/div><div class=\"vc_custom_heading_wrap\"><div class=\"heading-text el-text\" ><h3 class=\"h2 font-weight-300\" ><span>Gelecekteki Y\u00f6nelim<\/span><\/h3><div><p>\u00c7al\u0131\u015fmalar\u0131m\u0131z\u0131 ve uzmanlar\u0131m\u0131z\u0131 tam olarak destekledi\u011fimiz i\u00e7in, \u00f6zellikle uzun s\u00fcreli ve s\u00fcrd\u00fcr\u00fclebilir bir i\u015f ili\u015fkisi ile ilgileniyoruz. Ortak ba\u015far\u0131, maksimum k\u00e2rdan daha \u00f6nemlidir. Bizim i\u00e7in profesyonellerin ciddi ve optimal bir \u015fekilde i\u015fe yerle\u015ftirilmesi ilk hedeftir.<\/p>\n<\/div><\/div><div class=\"clear\"><\/div><\/div><\/div><\/div><\/div><\/div><\/div><script id=\"script-row-unique-2\" data-row=\"script-row-unique-2\" type=\"text\/javascript\" class=\"vc_controls\">UNCODE.initRow(document.getElementById(\"row-unique-2\"));<\/script><\/div><\/div><\/div><div data-parent=\"true\" class=\"vc_row style-accent-bg row-container\" id=\"row-unique-3\"><div class=\"row quad-top-padding quad-bottom-padding single-h-padding limit-width row-parent\"><div class=\"wpb_row row-inner\"><div class=\"wpb_column pos-top pos-center align_center column_parent col-lg-12 single-internal-gutter\"><div class=\"uncol style-dark\"  ><div class=\"uncoltable\"><div class=\"uncell\" ><div class=\"uncont no-block-padding col-custom-width\" style=\"max-width:696px;\"><div class=\"vc_row row-internal row-container\"><div class=\"row row-child\"><div class=\"wpb_row row-inner\"><div class=\"wpb_column pos-top pos-center align_center column_child col-lg-12 half-internal-gutter\"><div class=\"uncol style-dark\" ><div class=\"uncoltable\"><div class=\"uncell no-block-padding\" ><div class=\"uncont\"><div class=\"vc_custom_heading_wrap\"><div class=\"heading-text el-text\" ><h4 class=\"font-175345 fontsize-338686 font-weight-400\" ><span>Bewerben Sie sich.<\/span><\/h4><\/div><div class=\"clear\"><\/div><\/div><div class=\"uncode_text_column text-lead\" ><p>F\u00fcllen Sie das Formular aus, um schnellstm\u00f6glich einen guten Job zu finden.<\/p>\n<\/div><\/div><\/div><\/div><\/div><\/div><\/div><\/div><\/div><span class=\"btn-container\" ><a href=\"https:\/\/personalagentur-oezdemir.de\/tr\/bewerbung\/\" class=\"custom-link btn btn-custom-typo font-175345 font-weight-400 text-initial no-letterspace border-width-0 btn-default btn-circle btn-icon-left\" title=\"Contact Wide\">Buraya T\u0131kla<\/a><\/span><\/div><\/div><\/div><\/div><\/div><script id=\"script-row-unique-3\" data-row=\"script-row-unique-3\" type=\"text\/javascript\" class=\"vc_controls\">UNCODE.initRow(document.getElementById(\"row-unique-3\"));<\/script><\/div><\/div><\/div>","protected":false},"excerpt":{"rendered":"Wir&nbsp;finden&nbsp;den&nbsp;passenden&nbsp;Arbeitgeber&nbsp;f\u00fcr&nbsp;Sie.B\u00fcro in Ankara, T\u00fcrkeiKoordinationB\u00fcro in Kirchhain, Deutschland F\u00fcr Arbeitnehmer in der T\u00fcrkeiKeine B\u00fcrokratieVom Erstkontakt zu den deutschen \u00c4mtern bis hin [...]","protected":false},"author":1,"featured_media":0,"parent":0,"menu_order":0,"comment_status":"closed","ping_status":"closed","template":"","meta":{"footnotes":""},"class_list":["post-110774","page","type-page","status-publish","hentry"],"_links":{"self":[{"href":"https:\/\/personalagentur-oezdemir.de\/tr\/wp-json\/wp\/v2\/pages\/110774","targetHints":{"allow":["GET"]}}],"collection":[{"href":"https:\/\/personalagentur-oezdemir.de\/tr\/wp-json\/wp\/v2\/pages"}],"about":[{"href":"https:\/\/personalagentur-oezdemir.de\/tr\/wp-json\/wp\/v2\/types\/page"}],"author":[{"embeddable":true,"href":"https:\/\/personalagentur-oezdemir.de\/tr\/wp-json\/wp\/v2\/users\/1"}],"replies":[{"embeddable":true,"href":"https:\/\/personalagentur-oezdemir.de\/tr\/wp-json\/wp\/v2\/comments?post=110774"}],"version-history":[{"count":6,"href":"https:\/\/personalagentur-oezdemir.de\/tr\/wp-json\/wp\/v2\/pages\/110774\/revisions"}],"predecessor-version":[{"id":110811,"href":"https:\/\/personalagentur-oezdemir.de\/tr\/wp-json\/wp\/v2\/pages\/110774\/revisions\/110811"}],"wp:attachment":[{"href":"https:\/\/personalagentur-oezdemir.de\/tr\/wp-json\/wp\/v2\/media?parent=110774"}],"curies":[{"name":"wp","href":"https:\/\/api.w.org\/{rel}","templated":true}]}}